{"id":249,"date":"2019-05-16T09:23:06","date_gmt":"2019-05-16T07:23:06","guid":{"rendered":"https:\/\/www.gm-verken.se\/start\/"},"modified":"2019-05-16T09:23:07","modified_gmt":"2019-05-16T07:23:07","slug":"start","status":"publish","type":"page","link":"https:\/\/www.gm-verken.se\/en\/start\/","title":{"rendered":"Start"},"content":{"rendered":"<div id='full_slider_1'  class='avia-fullwidth-slider main_color avia-shadow   avia-builder-el-0  el_before_av_layout_row  avia-builder-el-first   container_wrap sidebar_right'  ><div  class='avia-slideshow av-jvpld5ri-156f11d5cf2c36a3cea844bf2b25737c avia-slideshow-featured av_slideshow_full avia-slide_up-slider av-slideshow-ui av-control-minimal av-slideshow-autoplay av-loop-endless av-loop-manual-endless av-default-height-applied   avia-slideshow-1' data-slideshow-options=\"{&quot;animation&quot;:&quot;slide_up&quot;,&quot;autoplay&quot;:true,&quot;loop_autoplay&quot;:&quot;endless&quot;,&quot;interval&quot;:5,&quot;loop_manual&quot;:&quot;manual-endless&quot;,&quot;autoplay_stopper&quot;:false,&quot;noNavigation&quot;:false,&quot;bg_slider&quot;:false,&quot;keep_padding&quot;:false,&quot;hoverpause&quot;:false,&quot;show_slide_delay&quot;:0}\"  itemprop=\"image\" itemscope=\"itemscope\" itemtype=\"https:\/\/schema.org\/ImageObject\" ><ul class='avia-slideshow-inner ' style='padding-bottom: 31.25%;'><li  class='avia-slideshow-slide av-jvpld5ri-156f11d5cf2c36a3cea844bf2b25737c__0  av-single-slide slide-1 slide-odd'><div data-rel='slideshow-1' class='avia-slide-wrap '   ><img decoding=\"async\" fetchpriority=\"high\" class=\"wp-image-5 avia-img-lazy-loading-not-5\"  src=\"https:\/\/www.gm-verken.se\/wp-content\/uploads\/2012\/09\/bockning1.png\" width=\"960\" height=\"300\" title='Bockning 1' alt=''  itemprop=\"thumbnailUrl\" srcset=\"https:\/\/www.gm-verken.se\/wp-content\/uploads\/2012\/09\/bockning1.png 960w, https:\/\/www.gm-verken.se\/wp-content\/uploads\/2012\/09\/bockning1-300x93.png 300w\" sizes=\"(max-width: 960px) 100vw, 960px\" \/><\/div><\/li><\/ul><\/div><\/div>\n<div id='av-layout-grid-1'  class='av-layout-grid-container av-1j3v42-93c9cdb48d57564fdbeebd70b626812c entry-content-wrapper main_color av-flex-cells  avia-builder-el-1  el_after_av_slideshow_full  el_before_av_section  grid-row-not-first  container_wrap sidebar_right'  >\n\n<style type=\"text\/css\" data-created_by=\"avia_inline_auto\" id=\"style-css-av-jvplwiwr-3c9f5efc395617572692fe3b883020d9\">\n.flex_cell.av-jvplwiwr-3c9f5efc395617572692fe3b883020d9{\nvertical-align:top;\nbackground-color:#40439e;\n}\n.responsive #top #wrap_all .flex_cell.av-jvplwiwr-3c9f5efc395617572692fe3b883020d9{\npadding:90px 50px 90px 50px !important;\n}\n<\/style>\n<div class='flex_cell av-jvplwiwr-3c9f5efc395617572692fe3b883020d9 av-gridrow-cell av_one_third no_margin  avia-builder-el-2  el_before_av_cell_one_third  avia-builder-el-first  content-align-top'  ><div class='flex_cell_inner'>\n<style type=\"text\/css\" data-created_by=\"avia_inline_auto\" id=\"style-css-av-jvplyoay-7a183384bb8270b49e60b50c531870af\">\n.iconbox.av-jvplyoay-7a183384bb8270b49e60b50c531870af .iconbox_icon{\nborder:1px solid #ffffff;\ncolor:#ffffff;\n}\n.iconbox.av-jvplyoay-7a183384bb8270b49e60b50c531870af .iconbox_icon.avia-svg-icon svg:first-child{\nfill:#ffffff;\nstroke:#ffffff;\n}\n#top #wrap_all .iconbox.av-jvplyoay-7a183384bb8270b49e60b50c531870af .iconbox_content_title{\ncolor:#ffffff;\n}\n.iconbox.av-jvplyoay-7a183384bb8270b49e60b50c531870af .iconbox_content_container{\ncolor:#ffffff;\n}\n<\/style>\n<article  class='iconbox iconbox_left_content av-jvplyoay-7a183384bb8270b49e60b50c531870af  avia-builder-el-3  avia-builder-el-no-sibling '  itemscope=\"itemscope\" itemtype=\"https:\/\/schema.org\/CreativeWork\" ><div class='iconbox_icon heading-color avia-iconfont avia-font-entypo-fontello' data-av_icon='\ue819' data-av_iconfont='entypo-fontello'  ><\/div><div class=\"iconbox_content\"><header class=\"entry-content-header\" aria-label=\"Icon: Vi bockar dina r\u00f6r.\"><h3 class='iconbox_content_title '  itemprop=\"headline\" >Vi bockar dina r\u00f6r.<\/h3><\/header><div class='iconbox_content_container av_inherit_color'  itemprop=\"text\" ><p>Vi har erfarenhet i \u00f6ver 20 \u00e5r inom r\u00f6rbockning. R\u00f6rbockning fr\u00e5n 8 mm upp till 60 mm.<\/p>\n<\/div><\/div><footer class=\"entry-footer\"><\/footer><\/article>\n<\/div><\/div>\n<style type=\"text\/css\" data-created_by=\"avia_inline_auto\" id=\"style-css-av-1g9h5m-e8efc47446f1a2f0144bf11f62d9c2ea\">\n.flex_cell.av-1g9h5m-e8efc47446f1a2f0144bf11f62d9c2ea{\nvertical-align:top;\nbackground-color:#292929;\n}\n.responsive #top #wrap_all .flex_cell.av-1g9h5m-e8efc47446f1a2f0144bf11f62d9c2ea{\npadding:90px 50px 90px 50px !important;\n}\n<\/style>\n<div class='flex_cell av-1g9h5m-e8efc47446f1a2f0144bf11f62d9c2ea av-gridrow-cell av_one_third no_margin  avia-builder-el-4  el_after_av_cell_one_third  el_before_av_cell_one_third  content-align-top'  ><div class='flex_cell_inner'>\n<style type=\"text\/css\" data-created_by=\"avia_inline_auto\" id=\"style-css-av-1a3kqa-e82ec72c2f1beb05610e491f0c69b59c\">\n.iconbox.av-1a3kqa-e82ec72c2f1beb05610e491f0c69b59c .iconbox_icon{\nborder:1px solid #ffffff;\ncolor:#ffffff;\n}\n.iconbox.av-1a3kqa-e82ec72c2f1beb05610e491f0c69b59c .iconbox_icon.avia-svg-icon svg:first-child{\nfill:#ffffff;\nstroke:#ffffff;\n}\n#top #wrap_all .iconbox.av-1a3kqa-e82ec72c2f1beb05610e491f0c69b59c .iconbox_content_title{\ncolor:#ffffff;\n}\n.iconbox.av-1a3kqa-e82ec72c2f1beb05610e491f0c69b59c .iconbox_content_container{\ncolor:#ffffff;\n}\n<\/style>\n<article  class='iconbox iconbox_left_content av-1a3kqa-e82ec72c2f1beb05610e491f0c69b59c  avia-builder-el-5  avia-builder-el-no-sibling '  itemscope=\"itemscope\" itemtype=\"https:\/\/schema.org\/CreativeWork\" ><div class='iconbox_icon heading-color avia-iconfont avia-font-entypo-fontello' data-av_icon='\ue855' data-av_iconfont='entypo-fontello'  ><\/div><div class=\"iconbox_content\"><header class=\"entry-content-header\" aria-label=\"Icon: Produktion\"><h3 class='iconbox_content_title '  itemprop=\"headline\" >Produktion<\/h3><\/header><div class='iconbox_content_container av_inherit_color'  itemprop=\"text\" ><p>Vi har en produktionyta p\u00e5 2000 m\u00b2. Robotsvets \u2013 Manuell. Svetsning med mig-tig-press, l\u00f6dning samt robotsvetsning. Fleropsbearbetning. Flytborrning fr\u00e5n 3 till 22 mm.<\/p>\n<\/div><\/div><footer class=\"entry-footer\"><\/footer><\/article>\n<\/div><\/div>\n<style type=\"text\/css\" data-created_by=\"avia_inline_auto\" id=\"style-css-av-159nxe-5350f46f1a9b1e38b6d2cb50d60dda21\">\n.flex_cell.av-159nxe-5350f46f1a9b1e38b6d2cb50d60dda21{\nvertical-align:top;\nbackground-color:#3c3c3c;\n}\n.responsive #top #wrap_all .flex_cell.av-159nxe-5350f46f1a9b1e38b6d2cb50d60dda21{\npadding:90px 50px 90px 50px !important;\n}\n<\/style>\n<div class='flex_cell av-159nxe-5350f46f1a9b1e38b6d2cb50d60dda21 av-gridrow-cell av_one_third no_margin  avia-builder-el-6  el_after_av_cell_one_third  avia-builder-el-last  content-align-top'  ><div class='flex_cell_inner'>\n<style type=\"text\/css\" data-created_by=\"avia_inline_auto\" id=\"style-css-av-ybjaq-5eef5c3df08f7e031bd6363f9d68f1c2\">\n.iconbox.av-ybjaq-5eef5c3df08f7e031bd6363f9d68f1c2 .iconbox_icon{\nborder:1px solid #ffffff;\ncolor:#ffffff;\n}\n.iconbox.av-ybjaq-5eef5c3df08f7e031bd6363f9d68f1c2 .iconbox_icon.avia-svg-icon svg:first-child{\nfill:#ffffff;\nstroke:#ffffff;\n}\n#top #wrap_all .iconbox.av-ybjaq-5eef5c3df08f7e031bd6363f9d68f1c2 .iconbox_content_title{\ncolor:#ffffff;\n}\n.iconbox.av-ybjaq-5eef5c3df08f7e031bd6363f9d68f1c2 .iconbox_content_container{\ncolor:#ffffff;\n}\n<\/style>\n<article  class='iconbox iconbox_left_content av-ybjaq-5eef5c3df08f7e031bd6363f9d68f1c2  avia-builder-el-7  avia-builder-el-no-sibling '  itemscope=\"itemscope\" itemtype=\"https:\/\/schema.org\/CreativeWork\" ><div class='iconbox_icon heading-color avia-iconfont avia-font-entypo-fontello' data-av_icon='\ue8a3' data-av_iconfont='entypo-fontello'  ><\/div><div class=\"iconbox_content\"><header class=\"entry-content-header\" aria-label=\"Icon: Legotillverkning\"><h3 class='iconbox_content_title '  itemprop=\"headline\" >Legotillverkning<\/h3><\/header><div class='iconbox_content_container av_inherit_color'  itemprop=\"text\" ><p>Vi hj\u00e4lper kunden att utveckla och tillverka produkter inom omr\u00e5det r\u00f6r- och pl\u00e5tprodukter.<\/p>\n<\/div><\/div><footer class=\"entry-footer\"><\/footer><\/article>\n<\/div><\/div><\/div><div id='av_section_1'  class='avia-section av-tq2ia-a90b315b7b844828a8385027271b0158 main_color avia-section-default avia-no-border-styling  avia-builder-el-8  el_after_av_layout_row  avia-builder-el-last  avia-bg-style-scroll container_wrap sidebar_right'  ><div class='container av-section-cont-open' ><div class='template-page content  av-content-small alpha units'><div class='post-entry post-entry-type-page post-entry-249'><div class='entry-content-wrapper clearfix'>\n\n<style type=\"text\/css\" data-created_by=\"avia_inline_auto\" id=\"style-css-av-jvpmciib-cbecaef51799f4c210dda35c5828f986\">\n#top .av-special-heading.av-jvpmciib-cbecaef51799f4c210dda35c5828f986{\npadding-bottom:10px;\nfont-size:50px;\n}\nbody .av-special-heading.av-jvpmciib-cbecaef51799f4c210dda35c5828f986 .av-special-heading-tag .heading-char{\nfont-size:25px;\n}\n#top #wrap_all .av-special-heading.av-jvpmciib-cbecaef51799f4c210dda35c5828f986 .av-special-heading-tag{\nfont-size:50px;\n}\n.av-special-heading.av-jvpmciib-cbecaef51799f4c210dda35c5828f986 .av-subheading{\nfont-size:15px;\n}\n\n@media only screen and (min-width: 480px) and (max-width: 767px){ \n#top #wrap_all .av-special-heading.av-jvpmciib-cbecaef51799f4c210dda35c5828f986 .av-special-heading-tag{\nfont-size:0.8em;\n}\n}\n\n@media only screen and (max-width: 479px){ \n#top #wrap_all .av-special-heading.av-jvpmciib-cbecaef51799f4c210dda35c5828f986 .av-special-heading-tag{\nfont-size:0.8em;\n}\n}\n<\/style>\n<div  class='av-special-heading av-jvpmciib-cbecaef51799f4c210dda35c5828f986 av-special-heading-h1 blockquote modern-quote modern-centered  avia-builder-el-9  el_before_av_one_fifth  avia-builder-el-first  av-inherit-size'><h1 class='av-special-heading-tag '  itemprop=\"headline\"  >Tillverkningsf\u00f6retag i Skillingaryd<\/h1><div class=\"special-heading-border\"><div class=\"special-heading-inner-border\"><\/div><\/div><\/div>\n\n<style type=\"text\/css\" data-created_by=\"avia_inline_auto\" id=\"style-css-av-lgqsy-2b31a45e3fed705393ec30296b71625c\">\n.flex_column.av-lgqsy-2b31a45e3fed705393ec30296b71625c{\nborder-radius:0px 0px 0px 0px;\npadding:0px 0px 0px 0px;\n}\n<\/style>\n<div  class='flex_column av-lgqsy-2b31a45e3fed705393ec30296b71625c av_one_fifth  avia-builder-el-10  el_after_av_heading  el_before_av_three_fifth  first flex_column_div av-zero-column-padding  '     ><\/div>\n<style type=\"text\/css\" data-created_by=\"avia_inline_auto\" id=\"style-css-av-dx162-83f3abaa8b285922bd95641257a4111f\">\n.flex_column.av-dx162-83f3abaa8b285922bd95641257a4111f{\nborder-radius:0px 0px 0px 0px;\npadding:0px 0px 0px 0px;\n}\n<\/style>\n<div  class='flex_column av-dx162-83f3abaa8b285922bd95641257a4111f av_three_fifth  avia-builder-el-11  el_after_av_one_fifth  el_before_av_one_fifth  flex_column_div av-zero-column-padding  '     ><section  class='av_textblock_section av-jvpm9rs7-174a8f72f9d43cc669d9a9637c4e3470 '   itemscope=\"itemscope\" itemtype=\"https:\/\/schema.org\/CreativeWork\" ><div class='avia_textblock'  itemprop=\"text\" ><p>GM-Verken \u00e4r ett tillverkningsf\u00f6retag som \u00e4r bel\u00e4get i Skillingaryd. Verksamheten \u00e4r inriktad p\u00e5 tillverkning och sammans\u00e4ttning av delar och komponenter i korta och l\u00e5nga serier och vi tillverkar fr\u00e4mst r\u00f6r och pl\u00e5t produkter.<\/p>\n<\/div><\/section><\/div>\n<style type=\"text\/css\" data-created_by=\"avia_inline_auto\" id=\"style-css-av-95l3m-d3ef06497ab7ce8104aef64a542603e5\">\n.flex_column.av-95l3m-d3ef06497ab7ce8104aef64a542603e5{\nborder-radius:0px 0px 0px 0px;\npadding:0px 0px 0px 0px;\n}\n<\/style>\n<div  class='flex_column av-95l3m-d3ef06497ab7ce8104aef64a542603e5 av_one_fifth  avia-builder-el-13  el_after_av_three_fifth  avia-builder-el-last  flex_column_div av-zero-column-padding  '     ><\/div>\n<\/div><\/div><\/div><!-- close content main div --><\/div><\/div><div id='after_section_1'  class='main_color av_default_container_wrap container_wrap sidebar_right'  ><div class='container av-section-cont-open' ><div class='template-page content  av-content-small alpha units'><div class='post-entry post-entry-type-page post-entry-249'><div class='entry-content-wrapper clearfix'><\/p>\n","protected":false},"excerpt":{"rendered":"","protected":false},"author":2,"featured_media":0,"parent":0,"menu_order":0,"comment_status":"closed","ping_status":"closed","template":"","meta":{"footnotes":""},"class_list":["post-249","page","type-page","status-publish","hentry"],"yoast_head":"<!-- This site is optimized with the Yoast SEO plugin v27.4 - https:\/\/yoast.com\/product\/yoast-seo-wordpress\/ -->\n<title>Start - GM-Verken AB<\/title>\n<meta name=\"robots\" content=\"index, follow, max-snippet:-1, max-image-preview:large, max-video-preview:-1\" \/>\n<link rel=\"canonical\" href=\"https:\/\/www.gm-verken.se\/en\/start\/\" \/>\n<meta property=\"og:locale\" content=\"en_US\" \/>\n<meta property=\"og:type\" content=\"article\" \/>\n<meta property=\"og:title\" content=\"Start - GM-Verken AB\" \/>\n<meta property=\"og:url\" content=\"https:\/\/www.gm-verken.se\/en\/start\/\" \/>\n<meta property=\"og:site_name\" content=\"GM-Verken AB\" \/>\n<meta property=\"article:modified_time\" content=\"2019-05-16T07:23:07+00:00\" \/>\n<meta name=\"twitter:label1\" content=\"Est. reading time\" \/>\n\t<meta name=\"twitter:data1\" content=\"6 minutes\" \/>\n<script type=\"application\/ld+json\" class=\"yoast-schema-graph\">{\"@context\":\"https:\\\/\\\/schema.org\",\"@graph\":[{\"@type\":\"WebPage\",\"@id\":\"https:\\\/\\\/www.gm-verken.se\\\/en\\\/start\\\/\",\"url\":\"https:\\\/\\\/www.gm-verken.se\\\/en\\\/start\\\/\",\"name\":\"Start - GM-Verken AB\",\"isPartOf\":{\"@id\":\"https:\\\/\\\/www.gm-verken.se\\\/#website\"},\"datePublished\":\"2019-05-16T07:23:06+00:00\",\"dateModified\":\"2019-05-16T07:23:07+00:00\",\"inLanguage\":\"en-US\",\"potentialAction\":[{\"@type\":\"ReadAction\",\"target\":[\"https:\\\/\\\/www.gm-verken.se\\\/en\\\/start\\\/\"]}]},{\"@type\":\"WebSite\",\"@id\":\"https:\\\/\\\/www.gm-verken.se\\\/#website\",\"url\":\"https:\\\/\\\/www.gm-verken.se\\\/\",\"name\":\"GM-Verken AB\",\"description\":\"Vi bockar dina r\u00f6r\",\"potentialAction\":[{\"@type\":\"SearchAction\",\"target\":{\"@type\":\"EntryPoint\",\"urlTemplate\":\"https:\\\/\\\/www.gm-verken.se\\\/?s={search_term_string}\"},\"query-input\":{\"@type\":\"PropertyValueSpecification\",\"valueRequired\":true,\"valueName\":\"search_term_string\"}}],\"inLanguage\":\"en-US\"}]}<\/script>\n<!-- \/ Yoast SEO plugin. -->","yoast_head_json":{"title":"Start - GM-Verken AB","robots":{"index":"index","follow":"follow","max-snippet":"max-snippet:-1","max-image-preview":"max-image-preview:large","max-video-preview":"max-video-preview:-1"},"canonical":"https:\/\/www.gm-verken.se\/en\/start\/","og_locale":"en_US","og_type":"article","og_title":"Start - GM-Verken AB","og_url":"https:\/\/www.gm-verken.se\/en\/start\/","og_site_name":"GM-Verken AB","article_modified_time":"2019-05-16T07:23:07+00:00","twitter_misc":{"Est. reading time":"6 minutes"},"schema":{"@context":"https:\/\/schema.org","@graph":[{"@type":"WebPage","@id":"https:\/\/www.gm-verken.se\/en\/start\/","url":"https:\/\/www.gm-verken.se\/en\/start\/","name":"Start - GM-Verken AB","isPartOf":{"@id":"https:\/\/www.gm-verken.se\/#website"},"datePublished":"2019-05-16T07:23:06+00:00","dateModified":"2019-05-16T07:23:07+00:00","inLanguage":"en-US","potentialAction":[{"@type":"ReadAction","target":["https:\/\/www.gm-verken.se\/en\/start\/"]}]},{"@type":"WebSite","@id":"https:\/\/www.gm-verken.se\/#website","url":"https:\/\/www.gm-verken.se\/","name":"GM-Verken AB","description":"Vi bockar dina r\u00f6r","potentialAction":[{"@type":"SearchAction","target":{"@type":"EntryPoint","urlTemplate":"https:\/\/www.gm-verken.se\/?s={search_term_string}"},"query-input":{"@type":"PropertyValueSpecification","valueRequired":true,"valueName":"search_term_string"}}],"inLanguage":"en-US"}]}},"_links":{"self":[{"href":"https:\/\/www.gm-verken.se\/en\/wp-json\/wp\/v2\/pages\/249","targetHints":{"allow":["GET"]}}],"collection":[{"href":"https:\/\/www.gm-verken.se\/en\/wp-json\/wp\/v2\/pages"}],"about":[{"href":"https:\/\/www.gm-verken.se\/en\/wp-json\/wp\/v2\/types\/page"}],"author":[{"embeddable":true,"href":"https:\/\/www.gm-verken.se\/en\/wp-json\/wp\/v2\/users\/2"}],"replies":[{"embeddable":true,"href":"https:\/\/www.gm-verken.se\/en\/wp-json\/wp\/v2\/comments?post=249"}],"version-history":[{"count":1,"href":"https:\/\/www.gm-verken.se\/en\/wp-json\/wp\/v2\/pages\/249\/revisions"}],"predecessor-version":[{"id":250,"href":"https:\/\/www.gm-verken.se\/en\/wp-json\/wp\/v2\/pages\/249\/revisions\/250"}],"wp:attachment":[{"href":"https:\/\/www.gm-verken.se\/en\/wp-json\/wp\/v2\/media?parent=249"}],"curies":[{"name":"wp","href":"https:\/\/api.w.org\/{rel}","templated":true}]}}